{"id":441,"date":"2023-08-10T20:34:59","date_gmt":"2023-08-10T20:34:59","guid":{"rendered":"http:\/\/www.academicbridges.sbs\/?page_id=441"},"modified":"2023-08-10T20:44:15","modified_gmt":"2023-08-10T20:44:15","slug":"%d0%b4%d0%bc%d0%b8%d1%82%d1%80%d0%b8%d0%b9-%d1%80%d1%83%d0%b4%d0%b5%d0%bd%d0%ba%d0%b8%d0%bd","status":"publish","type":"page","link":"https:\/\/www.academicbridges.sbs\/?page_id=441&lang=ru","title":{"rendered":"\u0414\u043c\u0438\u0442\u0440\u0438\u0439 \u0420\u0443\u0434\u0435\u043d\u043a\u0438\u043d"},"content":{"rendered":"\n<div class=\"wp-block-columns alignwide are-vertically-aligned-center has-background is-layout-flex wp-container-core-columns-is-layout-1 wp-block-columns-is-layout-flex\" style=\"background-color:#088ce8\">\n<div class=\"wp-block-column is-vertically-aligned-center is-layout-flow wp-block-column-is-layout-flow\" style=\"flex-basis:33.33%\"><\/div>\n\n\n\n<div class=\"wp-block-column is-vertically-aligned-center is-layout-flow wp-block-column-is-layout-flow\" style=\"flex-basis:66.66%\">\n<h3 class=\"wp-block-heading has-ti-bg-color has-text-color has-normal-font-size\"><strong>\u0414\u043c\u0438\u0442\u0440\u0438\u0439 \u0420\u0443\u0434\u0435\u043d\u043a\u0438\u043d,<\/strong><br><em>\u041a\u0430\u043d\u0434\u0438\u0434\u0430\u0442 \u0441\u043e\u0446\u0438\u043e\u043b\u043e\u0433\u0438\u0447\u0435\u0441\u043a\u0438\u0445 \u043d\u0430\u0443\u043a, \u0432\u043d\u0435\u0448\u0442\u0430\u0442\u043d\u044b\u0439 \u0441\u043e\u0442\u0440\u0443\u0434\u043d\u0438\u043a \u0423\u043d\u0438\u0432\u0435\u0440\u0441\u0438\u0442\u0435\u0442\u0430 \u0414\u0436\u043e\u0440\u0434\u0436\u0430 \u0412\u0430\u0448\u0438\u043d\u0433\u0442\u043e\u043d\u0430 (GWU), \u0421\u0428\u0410.<\/em><\/h3>\n<\/div>\n<\/div>\n\n\n\n<div class=\"wp-block-columns alignwide is-layout-flex wp-container-core-columns-is-layout-2 wp-block-columns-is-layout-flex\">\n<div class=\"wp-block-column is-layout-flow wp-block-column-is-layout-flow\" style=\"flex-basis:33.33%\">\n<figure class=\"wp-block-image size-full\"><img decoding=\"async\" width=\"700\" height=\"700\" src=\"https:\/\/www.academicbridges.sbs\/wp-content\/uploads\/2023\/08\/Dmitry-circled-1.png\" alt=\"\" class=\"wp-image-434\" srcset=\"https:\/\/www.academicbridges.sbs\/wp-content\/uploads\/2023\/08\/Dmitry-circled-1.png 700w, https:\/\/www.academicbridges.sbs\/wp-content\/uploads\/2023\/08\/Dmitry-circled-1-300x300.png 300w, https:\/\/www.academicbridges.sbs\/wp-content\/uploads\/2023\/08\/Dmitry-circled-1-150x150.png 150w\" sizes=\"(max-width: 700px) 100vw, 700px\" \/><\/figure>\n<\/div>\n\n\n\n<div class=\"wp-block-column is-layout-flow wp-block-column-is-layout-flow\" style=\"flex-basis:66.66%\">\n<p>\u0421\u043e\u0446\u0438\u043e\u043b\u043e\u0433. \u0421\u043f\u0435\u0446\u0438\u0430\u043b\u0438\u0441\u0442 \u0432 \u043e\u0431\u043b\u0430\u0441\u0442\u0438 \u043a\u043e\u043b\u0438\u0447\u0435\u0441\u0442\u0432\u0435\u043d\u043d\u043e\u0439 \u0441\u043e\u0446\u0438\u043e\u043b\u043e\u0433\u0438\u0438 \u0438 \u043e\u0440\u0433\u0430\u043d\u0438\u0437\u0430\u0446\u0438\u0438 \u0430\u043d\u043a\u0435\u0442\u043d\u044b\u0445 \u043e\u043f\u0440\u043e\u0441\u043e\u0432. \u041e\u0441\u043d\u043e\u0432\u043d\u0430\u044f \u043e\u0431\u043b\u0430\u0441\u0442\u044c \u043d\u0430\u0443\u0447\u043d\u044b\u0445 \u0438\u043d\u0442\u0435\u0440\u0435\u0441\u043e\u0432 \u2013 \u0441\u043e\u0446\u0438\u0430\u043b\u044c\u043d\u043e-\u043f\u043e\u043b\u0438\u0442\u0438\u0447\u0435\u0441\u043a\u0438\u0435 \u044d\u0444\u0444\u0435\u043a\u0442\u044b \u0446\u0438\u0444\u0440\u043e\u0432\u0438\u0437\u0430\u0446\u0438\u0438 \u043e\u0431\u0449\u0435\u0441\u0442\u0432\u0430. \u041f\u043e\u0441\u043b\u0435 \u043e\u0442\u044a\u0435\u0437\u0434\u0430 \u0438\u0437 \u0420\u043e\u0441\u0441\u0438\u0438 \u0432 2022 \u0433\u043e\u0434\u0443 \u0441\u043e\u0441\u0440\u0435\u0434\u043e\u0442\u043e\u0447\u0435\u043d \u043d\u0430 \u0438\u0437\u0443\u0447\u0435\u043d\u0438\u0438 \u0430\u043a\u0430\u0434\u0435\u043c\u0438\u0447\u0435\u0441\u043a\u043e\u0439 \u044d\u043c\u0438\u0433\u0440\u0430\u0446\u0438\u0438 \u0438 \u0441\u043e\u043e\u0431\u0449\u0435\u0441\u0442\u0432 \u0440\u0443\u0441\u0441\u043a\u043e\u044f\u0437\u044b\u0447\u043d\u044b\u0445 \u044d\u043c\u0438\u0433\u0440\u0430\u043d\u0442\u043e\u0432 \u0430 \u0410\u0440\u043c\u0435\u043d\u0438\u0438 \u0438 \u0413\u0440\u0443\u0437\u0438\u0438.&nbsp;<\/p>\n\n\n\n<p>\u041e\u043a\u043e\u043d\u0447\u0438\u043b \u0444\u0430\u043a\u0443\u043b\u044c\u0442\u0435\u0442 \u043f\u043e\u043b\u0438\u0442\u043e\u043b\u043e\u0433\u0438\u0438 \u0438 \u0441\u043e\u0446\u0438\u043e\u043b\u043e\u0433\u0438\u0438 \u0423\u0440\u0430\u043b\u044c\u0441\u043a\u043e\u0433\u043e \u0433\u043e\u0441\u0443\u0434\u0430\u0440\u0441\u0442\u0432\u0435\u043d\u043d\u043e\u0433\u043e \u0443\u043d\u0438\u0432\u0435\u0440\u0441\u0438\u0442\u0435\u0442\u0430 \u0432 2010 \u0433\u043e\u0434\u0443 \u0438 \u043f\u043e\u043b\u0443\u0447\u0438\u043b \u0441\u0442\u0435\u043f\u0435\u043d\u044c \u043a\u0430\u043d\u0434\u0438\u0434\u0430\u0442\u0430 \u043d\u0430\u0443\u043a \u0432 \u0423\u0440\u0430\u043b\u044c\u0441\u043a\u043e\u043c \u0444\u0435\u0434\u0435\u0440\u0430\u043b\u044c\u043d\u043e\u043c \u0443\u043d\u0438\u0432\u0435\u0440\u0441\u0438\u0442\u0435\u0442\u0435 \u0432 2013 \u0433\u043e\u0434\u0443. \u0412 2018 \u0433\u043e\u0434\u0443 \u0437\u0430\u0432\u0435\u0440\u0448\u0438\u043b \u0433\u043e\u0434\u043e\u0432\u043e\u0439 \u0446\u0438\u043a\u043b \u0428\u043a\u043e\u043b\u044b \u043f\u043e\u043b\u0438\u0442\u0438\u0447\u0435\u0441\u043a\u0438\u0445 \u0438\u0441\u0441\u043b\u0435\u0434\u043e\u0432\u0430\u043d\u0438\u0439 \u0421\u043e\u0432\u0435\u0442\u0430 \u0415\u0432\u0440\u043e\u043f\u044b. \u0412 2019 \u0433\u043e\u0434\u0443 \u0443\u0447\u0430\u0441\u0442\u0432\u043e\u0432\u0430\u043b \u0432 \u043e\u0431\u0440\u0430\u0437\u043e\u0432\u0430\u0442\u0435\u043b\u044c\u043d\u043e\u0439 \u043f\u0440\u043e\u0433\u0440\u0430\u043c\u043c\u0435 \u00ab\u0413\u0440\u0430\u0436\u0434\u0430\u043d\u0441\u043a\u043e\u0435 \u043e\u0431\u0440\u0430\u0437\u043e\u0432\u0430\u043d\u0438\u0435 \u0434\u043b\u044f \u043e\u0431\u0449\u0435\u0441\u0442\u0432\u0430 \u0433\u0440\u0430\u0436\u0434\u0430\u043d. Advanced Course\u00bb, \u043a\u043e\u0442\u043e\u0440\u044b\u0439 \u0431\u044b\u043b \u043e\u0440\u0433\u0430\u043d\u0438\u0437\u043e\u0432\u0430\u043d \u0410\u0441\u0441\u043e\u0446\u0438\u0430\u0446\u0438\u0435\u0439 \u0448\u043a\u043e\u043b \u043f\u043e\u043b\u0438\u0442\u0438\u0447\u0435\u0441\u043a\u0438\u0445 \u0438\u0441\u0441\u043b\u0435\u0434\u043e\u0432\u0430\u043d\u0438\u0439 \u0421\u043e\u0432\u0435\u0442\u0430 \u0415\u0432\u0440\u043e\u043f\u044b. \u0412 2022 \u0433\u043e\u0434\u0443 \u0440\u0430\u0431\u043e\u0442\u0430\u043b \u0432 \u043a\u0430\u0447\u0435\u0441\u0442\u0432\u0435 \u043f\u0440\u0438\u0433\u043b\u0430\u0448\u0435\u043d\u043d\u043e\u0433\u043e \u0441\u043e\u0442\u0440\u0443\u0434\u043d\u0438\u043a\u0430 \u0432 Mathias Corvinus Collegium (\u0411\u0443\u0434\u0430\u043f\u0435\u0448\u0442, \u0412\u0435\u043d\u0433\u0440\u0438\u044f)<\/p>\n\n\n\n<p>\u0414\u043e \u0441\u0435\u043d\u0442\u044f\u0431\u0440\u044f 2022 \u0433. \u044f\u0432\u043b\u044f\u043b\u0441\u044f \u0434\u043e\u0446\u0435\u043d\u0442\u043e\u043c \u0423\u0440\u0430\u043b\u044c\u0441\u043a\u043e\u0433\u043e \u0444\u0435\u0434\u0435\u0440\u0430\u043b\u044c\u043d\u043e\u0433\u043e \u0443\u043d\u0438\u0432\u0435\u0440\u0441\u0438\u0442\u0435\u0442\u0430. \u0412 \u0430\u043f\u0440\u0435\u043b\u0435 2023 \u0433. \u043f\u043e\u043b\u0443\u0447\u0438\u043b \u0434\u043e\u043b\u0436\u043d\u043e\u0441\u0442\u044c \u0432\u043d\u0435\u0448\u0442\u0430\u0442\u043d\u043e\u0433\u043e \u0441\u043e\u0442\u0440\u0443\u0434\u043d\u0438\u043a\u0430 &nbsp;\u0418\u043d\u0441\u0442\u0438\u0442\u0443\u0442\u0430 \u0435\u0432\u0440\u043e\u043f\u0435\u0439\u0441\u043a\u0438\u0445, \u0440\u043e\u0441\u0441\u0438\u0439\u0441\u043a\u0438\u0445 \u0438 \u0435\u0432\u0440\u0430\u0437\u0438\u0439\u0441\u043a\u0438\u0445 \u0438\u0441\u0441\u043b\u0435\u0434\u043e\u0432\u0430\u043d\u0438\u0439 (IERES) \u0428\u043a\u043e\u043b\u044b \u043c\u0435\u0436\u0434\u0443\u043d\u0430\u0440\u043e\u0434\u043d\u044b\u0445 \u043e\u0442\u043d\u043e\u0448\u0435\u043d\u0438\u0439 \u042d\u043b\u043b\u0438\u043e\u0442\u0442\u0430 \u0432 \u0423\u043d\u0438\u0432\u0435\u0440\u0441\u0438\u0442\u0435\u0442\u0435 \u0414\u0436\u043e\u0440\u0434\u0436\u0430 \u0412\u0430\u0448\u0438\u043d\u0433\u0442\u043e\u043d\u0430.<\/p>\n\n\n\n<p>\u041a\u043b\u044e\u0447\u0435\u0432\u044b\u0435 \u043f\u0443\u0431\u043b\u0438\u043a\u0430\u0446\u0438\u0438 (\u043d\u0430 \u0440\u0443\u0441\u0441\u043a\u043e\u043c \u044f\u0437\u044b\u043a\u0435):<\/p>\n\n\n\n<ul class=\"wp-block-list\">\n<li><a href=\"https:\/\/sociodigger.ru\/articles\/articles-page\/specialnaja-nauchnaja-ehmigracija-pochemu-iz-rossii-uezzhajut-uchenye\">\u0420\u0443\u0434\u0435\u043d\u043a\u0438\u043d \u0414.\u0412. \u0421\u043f\u0435\u0446\u0438\u0430\u043b\u044c\u043d\u0430\u044f \u043d\u0430\u0443\u0447\u043d\u0430\u044f \u044d\u043c\u0438\u0433\u0440\u0430\u0446\u0438\u044f: \u043f\u043e\u0447\u0435\u043c\u0443 \u0438\u0437 \u0420\u043e\u0441\u0441\u0438\u0438 \u0443\u0435\u0437\u0436\u0430\u044e\u0442 \u0443\u0447\u0435\u043d\u044b\u0435? \/\/ \u0421\u043e\u0446\u0438\u043e\u0434\u0438\u0433\u0433\u0435\u0440. 2023. \u2116 3-4(25). \u0421. 14-22.<\/a><\/li>\n\n\n\n<li><a href=\"https:\/\/cyberleninka.ru\/article\/n\/ni-konflikta-ni-soglasiya-izobrazhaya-ideologiyu-v-sovremennoy-rossii\">\u041b\u043e\u0433\u0438\u043d\u043e\u0432 \u0410.\u0412., \u0420\u0443\u0434\u0435\u043d\u043a\u0438\u043d \u0414.\u0412. \u041d\u0438 \u043a\u043e\u043d\u0444\u043b\u0438\u043a\u0442\u0430, \u043d\u0438 \u0441\u043e\u0433\u043b\u0430\u0441\u0438\u044f: \u0438\u0437\u043e\u0431\u0440\u0430\u0436\u0430\u044f \u0438\u0434\u0435\u043e\u043b\u043e\u0433\u0438\u044e \u0432 \u0441\u043e\u0432\u0440\u0435\u043c\u0435\u043d\u043d\u043e\u0439 \u0420\u043e\u0441\u0441\u0438\u0438 \/\/ \u0412\u0435\u0441\u0442\u043d\u0438\u043a \u0421\u0430\u043d\u043a\u0442-\u041f\u0435\u0442\u0435\u0440\u0431\u0443\u0440\u0433\u0441\u043a\u043e\u0433\u043e \u0443\u043d\u0438\u0432\u0435\u0440\u0441\u0438\u0442\u0435\u0442\u0430. \u0424\u0438\u043b\u043e\u0441\u043e\u0444\u0438\u044f \u0438 \u043a\u043e\u043d\u0444\u043b\u0438\u043a\u0442\u043e\u043b\u043e\u0433\u0438\u044f. 2020. \u0422. 36. \u2116 2. \u0421. 341-355.<\/a><\/li>\n\n\n\n<li><a href=\"https:\/\/vital.lib.tsu.ru\/vital\/access\/services\/Download\/vtls:000722973\/SOURCE1\">\u0420\u0443\u0434\u0435\u043d\u043a\u0438\u043d \u0414.\u0412. \u041f\u043e\u043b\u044e\u0441\u044b \u043f\u043e\u043b\u0438\u0442\u0438\u0447\u0435\u0441\u043a\u043e\u0439 \u0430\u043a\u0442\u0438\u0432\u043d\u043e\u0441\u0442\u0438 \u0440\u043e\u0441\u0441\u0438\u0439\u0441\u043a\u043e\u0439 \u043c\u043e\u043b\u043e\u0434\u0435\u0436\u0438: \u0441\u0440\u0430\u0432\u043d\u0435\u043d\u0438\u0435 \u0430\u043a\u0442\u0438\u0432\u0438\u0441\u0442\u043e\u0432 \u043f\u0440\u043e\u0432\u043b\u0430\u0441\u0442\u043d\u044b\u0445 \u0438 \u043e\u043f\u043f\u043e\u0437\u0438\u0446\u0438\u043e\u043d\u043d\u044b\u0445 \u0434\u0432\u0438\u0436\u0435\u043d\u0438\u0439 \/\/ \u0412\u0435\u0441\u0442\u043d\u0438\u043a \u0422\u043e\u043c\u0441\u043a\u043e\u0433\u043e \u0433\u043e\u0441\u0443\u0434\u0430\u0440\u0441\u0442\u0432\u0435\u043d\u043d\u043e\u0433\u043e \u0443\u043d\u0438\u0432\u0435\u0440\u0441\u0438\u0442\u0435\u0442\u0430. \u0424\u0438\u043b\u043e\u0441\u043e\u0444\u0438\u044f. \u0421\u043e\u0446\u0438\u043e\u043b\u043e\u0433\u0438\u044f. \u041f\u043e\u043b\u0438\u0442\u043e\u043b\u043e\u0433\u0438\u044f. 2020. \u2116 55. \u0421. 203-215.<\/a><\/li>\n\n\n\n<li><a href=\"https:\/\/sociologica.hse.ru\/data\/2018\/09\/29\/1156660115\/SocOboz_17_3_197-220_Rudenkin_Loginov.pdf\">\u0420\u0443\u0434\u0435\u043d\u043a\u0438\u043d \u0414., \u041b\u043e\u0433\u0438\u043d\u043e\u0432 \u0410. \u0418\u0434\u0435\u043e\u043b\u043e\u0433\u0438\u044f \u0432 \u043e\u0431\u0449\u0435\u0441\u0442\u0432\u0435 \u043f\u043e\u0437\u0434\u043d\u0435\u0433\u043e \u043c\u043e\u0434\u0435\u0440\u043d\u0430: \u0438\u0441\u0447\u0435\u0437\u043d\u043e\u0432\u0435\u043d\u0438\u0435 \u0438\u043b\u0438 \u0442\u0440\u0430\u043d\u0441\u0444\u043e\u0440\u043c\u0430\u0446\u0438\u044f? \/\/ \u0421\u043e\u0446\u0438\u043e\u043b\u043e\u0433\u0438\u0447\u0435\u0441\u043a\u043e\u0435 \u043e\u0431\u043e\u0437\u0440\u0435\u043d\u0438\u0435. 2018. \u0422. 17. \u2116 3. \u0421. 197-220.<\/a><\/li>\n<\/ul>\n\n\n\n<p>\u041e\u0441\u043d\u043e\u0432\u043d\u044b\u0435 \u043f\u0443\u0431\u043b\u0438\u043a\u0430\u0446\u0438\u0438 (\u043d\u0430 \u0430\u043d\u0433\u043b\u0438\u0439\u0441\u043a\u043e\u043c \u044f\u0437\u044b\u043a\u0435):<\/p>\n\n\n\n<ul class=\"wp-block-list\">\n<li><a href=\"https:\/\/sites.utu.fi\/bre\/some-notes-about-protests-in-russia-in-2021\/\">Rudenkin, D. (2021) Some notes about protests in Russia in 2021. Baltic Rim Economies, \u2116 4, p. 30.<\/a><\/li>\n\n\n\n<li><a href=\"https:\/\/www.proquest.com\/openview\/0b6bf88ca9b4447b23553446a994ec44\/1?pq-origsite=gscholar&amp;cbl=1796419\">Rudenkin, D. (2021) Educational videoblog as an auxiliary learning resource: opportunities and limitations<em>. Proceedings of the European Conference on e-Learning, ECEL<\/em>, pp. 402-407<\/a><\/li>\n\n\n\n<li><a href=\"https:\/\/www.proquest.com\/openview\/60bd999ffc451579d7733d270b870b17\/1?pq-origsite=gscholar&amp;cbl=1796419\">Rudenkin, D and Yufereva, A. (2020) Communication culture of Generation Z: Opportunities and risks for the education system. Proceedings of the European Conference on e-Learning, ECEL, pp. 619-621.<\/a><\/li>\n\n\n\n<li><a href=\"https:\/\/msed.vse.cz\/msed_2020\/article\/321-Rudenkin-Dmitry-paper.pdf\">Rudenkin, D. (2020) Videoblog as an instrument of informing youth about diseases and their prevention: a case of Yuri Dud\u2019s video about HIV in Russia. <em>Proceedings of THE 14TH International days of statistics and economics. <\/em><em>Prague. Czech Republic. <\/em>pp. 910-919.<\/a><\/li>\n<\/ul>\n\n\n\n<p>\u041a\u043e\u043c\u043c\u0435\u043d\u0442\u0430\u0440\u0438\u0438 \u0421\u041c\u0418, \u0438\u043d\u0442\u0435\u0440\u0432\u044c\u044e:<\/p>\n\n\n\n<ul class=\"wp-block-list\">\n<li><a href=\"https:\/\/republic.ru\/posts\/108500\">\u041a\u0430\u043a \u0440\u043e\u0441\u0441\u0438\u0439\u0441\u043a\u0438\u0435 \u0443\u0447\u0435\u043d\u044b\u0435 \u0441\u043f\u043e\u0440\u044f\u0442 \u043e \u0432\u043e\u0439\u043d\u0435, \u044d\u043c\u0438\u0433\u0440\u0430\u0446\u0438\u0438 \u0438 \u0441\u0432\u043e\u0435\u0439 \u043c\u043e\u0440\u0430\u043b\u044c\u043d\u043e\u0439 \u043e\u0442\u0432\u0435\u0442\u0441\u0442\u0432\u0435\u043d\u043d\u043e\u0441\u0442\u0438. \u0420\u0430\u0437\u0433\u043e\u0432\u043e\u0440 \u0441 \u0441\u043e\u0446\u0438\u043e\u043b\u043e\u0433\u043e\u043c \u0414\u043c\u0438\u0442\u0440\u0438\u0435\u043c \u0420\u0443\u0434\u0435\u043d\u043a\u0438\u043d\u044b\u043c, \u0438\u0441\u0441\u043b\u0435\u0434\u0443\u044e\u0449\u0438\u043c \u0432\u0437\u0433\u043b\u044f\u0434\u044b \u043f\u0440\u0435\u0434\u0441\u0442\u0430\u0432\u0438\u0442\u0435\u043b\u0435\u0439 \u043d\u0430\u0443\u043a\u0438<\/a> (Republic, 2023)<\/li>\n\n\n\n<li><a href=\"https:\/\/republic.ru\/posts\/103850\">\u00ab\u041f\u0435\u0440\u0441\u043f\u0435\u043a\u0442\u0438\u0432\u0430 \u0432\u043e\u0437\u0432\u0440\u0430\u0449\u0435\u043d\u0438\u044f \u0432 \u043d\u044b\u043d\u0435\u0448\u043d\u044e\u044e \u0420\u043e\u0441\u0441\u0438\u044e \u043f\u043e\u0447\u0442\u0438 \u043d\u0438\u043a\u0435\u043c \u0432\u0441\u0435\u0440\u044c\u0435\u0437 \u043d\u0435 \u0440\u0430\u0441\u0441\u043c\u0430\u0442\u0440\u0438\u0432\u0430\u0435\u0442\u0441\u044f\u00bb. \u0427\u0442\u043e \u043f\u043e\u043a\u0430\u0437\u0430\u043b \u043e\u043f\u0440\u043e\u0441 \u0440\u043e\u0441\u0441\u0438\u0439\u0441\u043a\u0438\u0445 \u0443\u0447\u0435\u043d\u044b\u0445, \u0443\u0435\u0445\u0430\u0432\u0448\u0438\u0445 \u0438\u0437 \u0441\u0442\u0440\u0430\u043d\u044b<\/a> (Republic, 2022)<\/li>\n\n\n\n<li><a href=\"https:\/\/nepszava.hu\/3175481_putyin-interju-haboru-orban-kormany-ukrajna\">\u201eKi lesz olyan \u0151r\u00fclt, hogy ezek ut\u00e1n meg\u00e1llapod\u00e1st k\u00f6ss\u00f6n Vlagyimir Putyinnal?\u201d<\/a> (N\u00e9pszava, 2022)<\/li>\n\n\n\n<li><a href=\"https:\/\/corvinak.hu\/en\/velemeny\/2022\/05\/13\/can-we-trust-public-opinion-polls\">Can we trust public opinion polls?<\/a> (Corvinak, 2022)<\/li>\n<\/ul>\n\n\n\n<p><a href=\"https:\/\/www.academicbridges.sbs\/wp-content\/uploads\/2023\/08\/Rudenkin_CV-2023-with-photo.pdf\" data-type=\"attachment\" data-id=\"444\">CV (\u043f\u043e\u0441\u043b\u0435\u0434\u043d\u0438\u0439 \u0440\u0430\u0437 \u043e\u0431\u043d\u043e\u0432\u043b\u0435\u043d\u043e 01\/08\/2023)<\/a><\/p>\n<\/div>\n<\/div>\n","protected":false},"excerpt":{"rendered":"<p>\u0414\u043c\u0438\u0442\u0440\u0438\u0439 \u0420\u0443\u0434\u0435\u043d\u043a\u0438\u043d,\u041a\u0430\u043d\u0434\u0438\u0434\u0430\u0442 \u0441\u043e\u0446\u0438\u043e\u043b\u043e\u0433\u0438\u0447\u0435\u0441\u043a\u0438\u0445 \u043d\u0430\u0443\u043a, \u0432\u043d\u0435\u0448\u0442\u0430\u0442\u043d\u044b\u0439 \u0441\u043e\u0442\u0440\u0443\u0434\u043d\u0438\u043a \u0423\u043d\u0438\u0432\u0435\u0440\u0441\u0438\u0442\u0435\u0442\u0430 \u0414\u0436\u043e\u0440\u0434\u0436\u0430 \u0412\u0430\u0448\u0438\u043d\u0433\u0442\u043e\u043d\u0430 (GWU), \u0421\u0428\u0410. \u0421\u043e\u0446\u0438\u043e\u043b\u043e\u0433. \u0421\u043f\u0435\u0446\u0438\u0430\u043b\u0438\u0441\u0442 \u0432 \u043e\u0431\u043b\u0430\u0441\u0442\u0438 \u043a\u043e\u043b\u0438\u0447\u0435\u0441\u0442\u0432\u0435\u043d\u043d\u043e\u0439 \u0441\u043e\u0446\u0438\u043e\u043b\u043e\u0433\u0438\u0438 \u0438 \u043e\u0440\u0433\u0430\u043d\u0438\u0437\u0430\u0446\u0438\u0438 \u0430\u043d\u043a\u0435\u0442\u043d\u044b\u0445 \u043e\u043f\u0440\u043e\u0441\u043e\u0432. \u041e\u0441\u043d\u043e\u0432\u043d\u0430\u044f \u043e\u0431\u043b\u0430\u0441\u0442\u044c \u043d\u0430\u0443\u0447\u043d\u044b\u0445 \u0438\u043d\u0442\u0435\u0440\u0435\u0441\u043e\u0432 \u2013 \u0441\u043e\u0446\u0438\u0430\u043b\u044c\u043d\u043e-\u043f\u043e\u043b\u0438\u0442\u0438\u0447\u0435\u0441\u043a\u0438\u0435 \u044d\u0444\u0444\u0435\u043a\u0442\u044b \u0446\u0438\u0444\u0440\u043e\u0432\u0438\u0437\u0430\u0446\u0438\u0438 \u043e\u0431\u0449\u0435\u0441\u0442\u0432\u0430. \u041f\u043e\u0441\u043b\u0435 \u043e\u0442\u044a\u0435\u0437\u0434\u0430 \u0438\u0437 \u0420\u043e\u0441\u0441\u0438\u0438 \u0432 2022 \u0433\u043e\u0434\u0443 \u0441\u043e\u0441\u0440\u0435\u0434\u043e\u0442\u043e\u0447\u0435\u043d \u043d\u0430 \u0438\u0437\u0443\u0447\u0435\u043d\u0438\u0438 \u0430\u043a\u0430\u0434\u0435\u043c\u0438\u0447\u0435\u0441\u043a\u043e\u0439 \u044d\u043c\u0438\u0433\u0440\u0430\u0446\u0438\u0438 \u0438 \u0441\u043e\u043e\u0431\u0449\u0435\u0441\u0442\u0432 \u0440\u0443\u0441\u0441\u043a\u043e\u044f\u0437\u044b\u0447\u043d\u044b\u0445 \u044d\u043c\u0438\u0433\u0440\u0430\u043d\u0442\u043e\u0432 \u0430 \u0410\u0440\u043c\u0435\u043d\u0438\u0438 \u0438 \u0413\u0440\u0443\u0437\u0438\u0438.&nbsp; \u041e\u043a\u043e\u043d\u0447\u0438\u043b \u0444\u0430\u043a\u0443\u043b\u044c\u0442\u0435\u0442 \u043f\u043e\u043b\u0438\u0442\u043e\u043b\u043e\u0433\u0438\u0438 \u0438 \u0441\u043e\u0446\u0438\u043e\u043b\u043e\u0433\u0438\u0438 [&hellip;]<\/p>\n","protected":false},"author":1,"featured_media":0,"parent":0,"menu_order":0,"comment_status":"closed","ping_status":"closed","template":"","meta":{"_eb_attr":"","_uag_custom_page_level_css":"","footnotes":""},"class_list":["post-441","page","type-page","status-publish","hentry"],"uagb_featured_image_src":{"full":false,"thumbnail":false,"medium":false,"medium_large":false,"large":false,"1536x1536":false,"2048x2048":false},"uagb_author_info":{"display_name":"admin","author_link":"https:\/\/www.academicbridges.sbs\/?author=1"},"uagb_comment_info":0,"uagb_excerpt":"\u0414\u043c\u0438\u0442\u0440\u0438\u0439 \u0420\u0443\u0434\u0435\u043d\u043a\u0438\u043d,\u041a\u0430\u043d\u0434\u0438\u0434\u0430\u0442 \u0441\u043e\u0446\u0438\u043e\u043b\u043e\u0433\u0438\u0447\u0435\u0441\u043a\u0438\u0445 \u043d\u0430\u0443\u043a, \u0432\u043d\u0435\u0448\u0442\u0430\u0442\u043d\u044b\u0439 \u0441\u043e\u0442\u0440\u0443\u0434\u043d\u0438\u043a \u0423\u043d\u0438\u0432\u0435\u0440\u0441\u0438\u0442\u0435\u0442\u0430 \u0414\u0436\u043e\u0440\u0434\u0436\u0430 \u0412\u0430\u0448\u0438\u043d\u0433\u0442\u043e\u043d\u0430 (GWU), \u0421\u0428\u0410. \u0421\u043e\u0446\u0438\u043e\u043b\u043e\u0433. \u0421\u043f\u0435\u0446\u0438\u0430\u043b\u0438\u0441\u0442 \u0432 \u043e\u0431\u043b\u0430\u0441\u0442\u0438 \u043a\u043e\u043b\u0438\u0447\u0435\u0441\u0442\u0432\u0435\u043d\u043d\u043e\u0439 \u0441\u043e\u0446\u0438\u043e\u043b\u043e\u0433\u0438\u0438 \u0438 \u043e\u0440\u0433\u0430\u043d\u0438\u0437\u0430\u0446\u0438\u0438 \u0430\u043d\u043a\u0435\u0442\u043d\u044b\u0445 \u043e\u043f\u0440\u043e\u0441\u043e\u0432. \u041e\u0441\u043d\u043e\u0432\u043d\u0430\u044f \u043e\u0431\u043b\u0430\u0441\u0442\u044c \u043d\u0430\u0443\u0447\u043d\u044b\u0445 \u0438\u043d\u0442\u0435\u0440\u0435\u0441\u043e\u0432 \u2013 \u0441\u043e\u0446\u0438\u0430\u043b\u044c\u043d\u043e-\u043f\u043e\u043b\u0438\u0442\u0438\u0447\u0435\u0441\u043a\u0438\u0435 \u044d\u0444\u0444\u0435\u043a\u0442\u044b \u0446\u0438\u0444\u0440\u043e\u0432\u0438\u0437\u0430\u0446\u0438\u0438 \u043e\u0431\u0449\u0435\u0441\u0442\u0432\u0430. \u041f\u043e\u0441\u043b\u0435 \u043e\u0442\u044a\u0435\u0437\u0434\u0430 \u0438\u0437 \u0420\u043e\u0441\u0441\u0438\u0438 \u0432 2022 \u0433\u043e\u0434\u0443 \u0441\u043e\u0441\u0440\u0435\u0434\u043e\u0442\u043e\u0447\u0435\u043d \u043d\u0430 \u0438\u0437\u0443\u0447\u0435\u043d\u0438\u0438 \u0430\u043a\u0430\u0434\u0435\u043c\u0438\u0447\u0435\u0441\u043a\u043e\u0439 \u044d\u043c\u0438\u0433\u0440\u0430\u0446\u0438\u0438 \u0438 \u0441\u043e\u043e\u0431\u0449\u0435\u0441\u0442\u0432 \u0440\u0443\u0441\u0441\u043a\u043e\u044f\u0437\u044b\u0447\u043d\u044b\u0445 \u044d\u043c\u0438\u0433\u0440\u0430\u043d\u0442\u043e\u0432 \u0430 \u0410\u0440\u043c\u0435\u043d\u0438\u0438 \u0438 \u0413\u0440\u0443\u0437\u0438\u0438.&nbsp; \u041e\u043a\u043e\u043d\u0447\u0438\u043b \u0444\u0430\u043a\u0443\u043b\u044c\u0442\u0435\u0442 \u043f\u043e\u043b\u0438\u0442\u043e\u043b\u043e\u0433\u0438\u0438 \u0438 \u0441\u043e\u0446\u0438\u043e\u043b\u043e\u0433\u0438\u0438&hellip;","_links":{"self":[{"href":"https:\/\/www.academicbridges.sbs\/index.php?rest_route=\/wp\/v2\/pages\/441","targetHints":{"allow":["GET"]}}],"collection":[{"href":"https:\/\/www.academicbridges.sbs\/index.php?rest_route=\/wp\/v2\/pages"}],"about":[{"href":"https:\/\/www.academicbridges.sbs\/index.php?rest_route=\/wp\/v2\/types\/page"}],"author":[{"embeddable":true,"href":"https:\/\/www.academicbridges.sbs\/index.php?rest_route=\/wp\/v2\/users\/1"}],"replies":[{"embeddable":true,"href":"https:\/\/www.academicbridges.sbs\/index.php?rest_route=%2Fwp%2Fv2%2Fcomments&post=441"}],"version-history":[{"count":5,"href":"https:\/\/www.academicbridges.sbs\/index.php?rest_route=\/wp\/v2\/pages\/441\/revisions"}],"predecessor-version":[{"id":448,"href":"https:\/\/www.academicbridges.sbs\/index.php?rest_route=\/wp\/v2\/pages\/441\/revisions\/448"}],"wp:attachment":[{"href":"https:\/\/www.academicbridges.sbs\/index.php?rest_route=%2Fwp%2Fv2%2Fmedia&parent=441"}],"curies":[{"name":"wp","href":"https:\/\/api.w.org\/{rel}","templated":true}]}}